{"id":10,"date":"2026-01-15T01:36:03","date_gmt":"2026-01-14T22:36:03","guid":{"rendered":"https:\/\/www.demiraytech.com\/tr\/?page_id=10"},"modified":"2026-01-20T22:02:01","modified_gmt":"2026-01-20T19:02:01","slug":"hakkimizda","status":"publish","type":"page","link":"https:\/\/www.demiraytech.com\/tr\/hakkimizda\/","title":{"rendered":"Hakk\u0131m\u0131zda"},"content":{"rendered":"\n<div class=\"wp-block-cover alignfull\" style=\"min-height:320px;aspect-ratio:unset;\"><span aria-hidden=\"true\" class=\"wp-block-cover__background has-nv-site-bg-background-color has-background-dim-100 has-background-dim\"><\/span><div class=\"wp-block-cover__inner-container is-layout-flow wp-block-cover-is-layout-flow\">\n<div class=\"wp-block-group\" style=\"padding-right:var(--wp--preset--spacing--30);padding-left:var(--wp--preset--spacing--30)\"><div class=\"wp-block-group__inner-container is-layout-flow wp-block-group-is-layout-flow\">\n<h1 class=\"wp-block-heading has-text-align-left has-neve-text-color-color has-text-color\">Hakk\u0131m\u0131zda<\/h1>\n<\/div><\/div>\n<\/div><\/div>\n\n\n\n<div class=\"wp-block-cover alignfull\" style=\"min-height:600px;aspect-ratio:unset;\"><span aria-hidden=\"true\" class=\"wp-block-cover__background has-nv-light-bg-background-color has-background-dim-100 has-background-dim\"><\/span><div class=\"wp-block-cover__inner-container is-layout-flow wp-block-cover-is-layout-flow\">\n<div class=\"wp-block-group\"><div class=\"wp-block-group__inner-container is-layout-flow wp-block-group-is-layout-flow\">\n<div style=\"height:80px\" aria-hidden=\"true\" class=\"wp-block-spacer\"><\/div>\n\n\n\n<div class=\"wp-block-columns are-vertically-aligned-center has-neve-text-color-color has-text-color is-layout-flex wp-container-core-columns-is-layout-9d6595d7 wp-block-columns-is-layout-flex\">\n<div class=\"wp-block-column is-vertically-aligned-center is-layout-flow wp-block-column-is-layout-flow\" style=\"padding-right:var(--wp--preset--spacing--30);padding-left:var(--wp--preset--spacing--30);flex-basis:50%\">\n<figure class=\"wp-block-image size-full has-custom-border\"><img decoding=\"async\" src=\"https:\/\/www.demiraytech.com\/tr\/wp-content\/themes\/neve\/assets\/img\/starter-content\/neve-marketing-agency-10.png\" alt=\"\" style=\"border-radius:16px\"\/><\/figure>\n<\/div>\n\n\n\n<div class=\"wp-block-column is-vertically-aligned-center is-layout-flow wp-block-column-is-layout-flow\" style=\"padding-top:0;padding-right:var(--wp--preset--spacing--30);padding-bottom:0;padding-left:var(--wp--preset--spacing--30);flex-basis:50%\">\n<h2 class=\"wp-block-heading has-neve-text-color-color has-text-color\">Teknolojinin En G\u00fcvenli Hali<\/h2>\n\n\n\n<p class=\"has-neve-text-color-color has-text-color\"><strong>Demiraytech<\/strong> olarak, g\u00fcvenlik ve ge\u00e7i\u015f kontrol sistemlerinde yenilik\u00e7i ve etkili \u00e7\u00f6z\u00fcmler sunmay\u0131 misyon edindik. Kuruldu\u011fumuz g\u00fcnden bu yana, turnike ve bariyer sistemlerinden plaka tan\u0131ma teknolojilerine, kamera ve alarm sistemlerinden entegre g\u00fcvenlik \u00e7\u00f6z\u00fcmlerine kadar geni\u015f bir yelpazede hizmet veriyoruz.<\/p>\n\n\n\n<p class=\"has-neve-text-color-color has-text-color\">Bizim i\u00e7in her proje sadece bir i\u015f de\u011fil; kar\u015f\u0131l\u0131kl\u0131 g\u00fcvene dayanan uzun soluklu bir i\u015f birli\u011finin ba\u015flang\u0131c\u0131d\u0131r. M\u00fc\u015fterilerimizin ihtiya\u00e7lar\u0131n\u0131 derinlemesine analiz eder, alan\u0131n gerektirdi\u011fi en uygun teknolojiyi, b\u00fct\u00e7eye ve kullan\u0131m al\u0131\u015fkanl\u0131klar\u0131na g\u00f6re titizlikle se\u00e7eriz. Bu yakla\u015f\u0131m, Demiraytech\u2019i sekt\u00f6r\u00fcnde tercih edilen bir marka haline getiriyor.<\/p>\n<\/div>\n<\/div>\n\n\n\n<div style=\"height:40px\" aria-hidden=\"true\" class=\"wp-block-spacer\"><\/div>\n<\/div><\/div>\n<\/div><\/div>\n\n\n\n<div class=\"wp-block-cover alignfull\" style=\"min-height:600px;aspect-ratio:unset;\"><span aria-hidden=\"true\" class=\"wp-block-cover__background has-nv-dark-bg-background-color has-background-dim-100 has-background-dim\"><\/span><div class=\"wp-block-cover__inner-container is-layout-flow wp-block-cover-is-layout-flow\">\n<div class=\"wp-block-group\"><div class=\"wp-block-group__inner-container is-layout-flow wp-block-group-is-layout-flow\">\n<div style=\"height:80px\" aria-hidden=\"true\" class=\"wp-block-spacer\"><\/div>\n\n\n\n<div class=\"wp-block-columns are-vertically-aligned-center is-layout-flex wp-container-core-columns-is-layout-9d6595d7 wp-block-columns-is-layout-flex\">\n<div class=\"wp-block-column is-vertically-aligned-center is-layout-flow wp-block-column-is-layout-flow\" style=\"padding-right:var(--wp--preset--spacing--30);padding-left:var(--wp--preset--spacing--30);flex-basis:50%\">\n<h2 class=\"wp-block-heading has-nv-text-dark-bg-color has-text-color\">Neden Biz?<\/h2>\n\n\n\n<p><\/p>\n\n\n\n<p class=\"has-nv-text-dark-bg-color has-text-color\"><strong>Uzman Kadro:<\/strong> Alan\u0131nda deneyimli m\u00fchendis ve teknik personelimiz, her a\u015famada en y\u00fcksek kaliteyi garanti eder.<\/p>\n\n\n\n<p class=\"has-nv-light-bg-color has-text-color has-link-color wp-elements-5c2857d070cab4927a145efa28f208c4\"><strong>Yenilik\u00e7i Teknoloji:<\/strong> S\u00fcrekli g\u00fcncellenen teknolojik altyap\u0131m\u0131z sayesinde, en yeni ve etkili g\u00fcvenlik \u00e7\u00f6z\u00fcmlerini sunar\u0131z.<\/p>\n\n\n\n<p class=\"has-nv-light-bg-color has-text-color has-link-color wp-elements-04282a25c22b5edc7f874231838db856\"><strong>M\u00fc\u015fteri Odakl\u0131 Hizmet:<\/strong> Sat\u0131\u015f \u00f6ncesi dan\u0131\u015fmanl\u0131ktan sat\u0131\u015f sonras\u0131 destek ve bak\u0131m hizmetlerine kadar her ad\u0131mda yan\u0131n\u0131zday\u0131z.<\/p>\n\n\n\n<p class=\"has-nv-light-bg-color has-text-color has-link-color wp-elements-1a47e29f6145f14cf49ec99572f81a2d\"><strong>G\u00fcvenilirlik ve \u015eeffafl\u0131k:<\/strong> \u0130\u015f s\u00fcre\u00e7lerimizde \u015feffafl\u0131\u011f\u0131 esas al\u0131r, zaman\u0131nda teslimat ve destek garantisi veririz.<\/p>\n\n\n\n<p class=\"has-nv-light-bg-color has-text-color has-link-color wp-elements-eb3f72d437c621b7f25ced8da79185c5\">Demiraytech ile \u00e7al\u0131\u015fmak, sadece sistem sahibi olmak de\u011fil; gelece\u011fe yat\u0131r\u0131m yapmak demektir. G\u00fcvenli\u011finizi bizle g\u00fc\u00e7lendirin, alanlar\u0131n\u0131z\u0131 en ileri teknolojiyle koruyun.<\/p>\n\n\n\n<div style=\"height:20px\" aria-hidden=\"true\" class=\"wp-block-spacer\"><\/div>\n\n\n\n<div class=\"wp-block-buttons has-custom-font-size has-small-font-size is-content-justification-left is-layout-flex wp-container-core-buttons-is-layout-fdcfc74e wp-block-buttons-is-layout-flex\">\n<div class=\"wp-block-button is-style-default\"><a class=\"wp-block-button__link has-nv-text-dark-bg-color has-neve-link-color-background-color has-text-color has-background has-link-color has-custom-font-size wp-element-button\" href=\"https:\/\/www.demiraytech.com\/tr\/iletisim\" style=\"font-size:16px\">Bize Ula\u015f\u0131n<\/a><\/div>\n<\/div>\n\n\n\n<div style=\"height:20px\" aria-hidden=\"true\" class=\"wp-block-spacer\"><\/div>\n<\/div>\n\n\n\n<div class=\"wp-block-column is-vertically-aligned-center is-layout-flow wp-block-column-is-layout-flow\" style=\"padding-right:var(--wp--preset--spacing--30);padding-left:var(--wp--preset--spacing--30);flex-basis:50%\">\n<figure class=\"wp-block-image size-full has-custom-border\"><img decoding=\"async\" src=\"https:\/\/www.demiraytech.com\/tr\/wp-content\/themes\/neve\/assets\/img\/starter-content\/neve-marketing-agency-16.png\" alt=\"\" style=\"border-radius:16px\"\/><\/figure>\n<\/div>\n<\/div>\n\n\n\n<div style=\"height:40px\" aria-hidden=\"true\" class=\"wp-block-spacer\"><\/div>\n<\/div><\/div>\n<\/div><\/div>\n\n\n\n<div class=\"wp-block-cover alignfull\" style=\"min-height:420px;aspect-ratio:unset;\"><span aria-hidden=\"true\" class=\"wp-block-cover__background has-nv-site-bg-background-color has-background-dim-100 has-background-dim\"><\/span><div class=\"wp-block-cover__inner-container is-layout-flow wp-block-cover-is-layout-flow\">\n<div style=\"height:80px\" aria-hidden=\"true\" class=\"wp-block-spacer\"><\/div>\n\n\n\n<div class=\"wp-block-columns is-layout-flex wp-container-core-columns-is-layout-9d6595d7 wp-block-columns-is-layout-flex\">\n<div class=\"wp-block-column ticss-4ce656f1 is-layout-flow wp-block-column-is-layout-flow\" style=\"padding-right:var(--wp--preset--spacing--30);padding-left:var(--wp--preset--spacing--30)\">\n<div style=\"height:24px\" aria-hidden=\"true\" class=\"wp-block-spacer\"><\/div>\n\n\n\n<h3 class=\"wp-block-heading has-text-align-left has-text-align-center has-neve-text-color-color has-text-color\">\ud83d\udd12 <strong>Uzmanl\u0131k &amp; Deneyim<\/strong><br><\/h3>\n\n\n\n<p class=\"has-text-align-left has-neve-text-color-color has-text-color\">Elektrik ve g\u00fcvenlik sistemleri alan\u0131nda edindi\u011fimiz tecr\u00fcbeyle; kamera, alarm ve ge\u00e7i\u015f kontrol \u00e7\u00f6z\u00fcmlerini profesyonel standartlarda sunuyoruz. Her projede g\u00fcvenli\u011fi en \u00fcst seviyede tutar\u0131z.<\/p>\n\n\n\n<div style=\"height:20px\" aria-hidden=\"true\" class=\"wp-block-spacer\"><\/div>\n<\/div>\n\n\n\n<div class=\"wp-block-column ticss-f6fc7494 is-layout-flow wp-block-column-is-layout-flow\" style=\"padding-right:var(--wp--preset--spacing--30);padding-left:var(--wp--preset--spacing--30)\">\n<div style=\"height:24px\" aria-hidden=\"true\" class=\"wp-block-spacer\"><\/div>\n\n\n\n<h3 class=\"wp-block-heading has-text-align-left has-text-align-center has-neve-text-color-color has-text-color\">\u2699\ufe0f <strong>Do\u011fru Projelendirme<\/strong><br><\/h3>\n\n\n\n<p class=\"has-text-align-left has-neve-text-color-color has-text-color\">Her alan\u0131n ihtiyac\u0131 farkl\u0131d\u0131r. \u00dccretsiz ke\u015fif sonras\u0131 mek\u00e2na \u00f6zel projelendirme yapar, gereksiz maliyet olu\u015fturmadan en do\u011fru sistemi kurar\u0131z.<\/p>\n\n\n\n<div style=\"height:20px\" aria-hidden=\"true\" class=\"wp-block-spacer\"><\/div>\n<\/div>\n\n\n\n<div class=\"wp-block-column ticss-a5b4df29 is-layout-flow wp-block-column-is-layout-flow\" style=\"padding-right:var(--wp--preset--spacing--30);padding-left:var(--wp--preset--spacing--30)\">\n<div style=\"height:24px\" aria-hidden=\"true\" class=\"wp-block-spacer\"><\/div>\n\n\n\n<h3 class=\"wp-block-heading has-text-align-left has-text-align-center has-neve-text-color-color has-text-color\">\ud83e\udd1d <strong>G\u00fcven &amp; S\u00fcreklilik<\/strong><br><\/h3>\n\n\n\n<p class=\"has-text-align-left has-neve-text-color-color has-text-color\">Demiraytech olarak sadece kurulum de\u011fil, sat\u0131\u015f sonras\u0131 destek de sunar\u0131z. Garantili \u00fcr\u00fcnler, d\u00fczenli bak\u0131m ve h\u0131zl\u0131 teknik destek ile her zaman yan\u0131n\u0131zday\u0131z.<\/p>\n\n\n\n<div style=\"height:20px\" aria-hidden=\"true\" class=\"wp-block-spacer\"><\/div>\n<\/div>\n<\/div>\n\n\n\n<div style=\"height:30px\" aria-hidden=\"true\" class=\"wp-block-spacer\"><\/div>\n<\/div><\/div>\n\n\n\n<div class=\"wp-block-cover alignfull\" style=\"min-height:600px;aspect-ratio:unset;\"><span aria-hidden=\"true\" class=\"wp-block-cover__background has-nv-light-bg-background-color has-background-dim-100 has-background-dim\"><\/span><div class=\"wp-block-cover__inner-container is-layout-flow wp-block-cover-is-layout-flow\">\n<div class=\"wp-block-group\"><div class=\"wp-block-group__inner-container is-layout-flow wp-block-group-is-layout-flow\">\n<div style=\"height:80px\" aria-hidden=\"true\" class=\"wp-block-spacer\"><\/div>\n\n\n\n<div class=\"wp-block-columns is-layout-flex wp-container-core-columns-is-layout-9d6595d7 wp-block-columns-is-layout-flex\">\n<div class=\"wp-block-column is-layout-flow wp-block-column-is-layout-flow\" style=\"flex-basis:20%\">\n<div class=\"wp-block-group is-vertical is-content-justification-center is-layout-flex wp-container-core-group-is-layout-4b2eccd6 wp-block-group-is-layout-flex\"><\/div>\n<\/div>\n\n\n\n<div class=\"wp-block-column is-layout-flow wp-block-column-is-layout-flow\" style=\"flex-basis:60%\">\n<div class=\"wp-block-group is-vertical is-content-justification-center is-layout-flex wp-container-core-group-is-layout-4b2eccd6 wp-block-group-is-layout-flex\">\n<h2 class=\"wp-block-heading has-text-align-center has-neve-text-color-color has-text-color has-link-color wp-elements-305718388bd89fbd46849ea8b6c63057\">G\u00fcvenli\u011finizi Teknolojiyle G\u00fc\u00e7lendiriyoruz<\/h2>\n\n\n\n<p class=\"has-text-align-center has-neve-text-color-color has-text-color has-link-color wp-elements-424b3a0fb2ad612f39a6ab1277462afe\"><strong>Demiraytech<\/strong>, \u0130stanbul genelinde profesyonel <strong>g\u00fcvenlik sistemleri<\/strong>, <strong>kamera sistemleri<\/strong>, <strong>alarm ve ge\u00e7i\u015f kontrol \u00e7\u00f6z\u00fcmleri<\/strong> sunan kurumsal bir teknoloji firmas\u0131d\u0131r. Ev, i\u015f yeri, site, fabrika ve kamu alanlar\u0131 i\u00e7in <strong>y\u00fcksek g\u00fcvenlikli, uzun \u00f6m\u00fcrl\u00fc ve ak\u0131ll\u0131 sistemler<\/strong> kuruyoruz.<\/p>\n\n\n\n<p class=\"has-text-align-center has-neve-text-color-color has-text-color has-link-color wp-elements-23aee14cd4a9bca28b00ca4242df3976\">7\/24 teknik destek, ke\u015fif hizmeti ve garantili montaj avantajlar\u0131m\u0131zla g\u00fcvenli\u011finizi \u015fansa b\u0131rakm\u0131yoruz.<\/p>\n\n\n\n<div style=\"height:0px\" aria-hidden=\"true\" class=\"wp-block-spacer wp-container-content-f9bd05ee\"><\/div>\n<\/div>\n<\/div>\n\n\n\n<div class=\"wp-block-column is-layout-flow wp-block-column-is-layout-flow\" style=\"flex-basis:20%\">\n<div class=\"wp-block-group is-vertical is-content-justification-center is-layout-flex wp-container-core-group-is-layout-4b2eccd6 wp-block-group-is-layout-flex\"><\/div>\n<\/div>\n<\/div>\n\n\n\n<div class=\"wp-block-columns has-nv-text-dark-bg-color has-neve-link-color-background-color has-text-color has-background has-link-color wp-elements-7f0bbeba7e13c4d443b3e5013eabbe5e is-layout-flex wp-container-core-columns-is-layout-54bf4747 wp-block-columns-is-layout-flex\" style=\"border-radius:24px;padding-top:var(--wp--preset--spacing--70);padding-right:var(--wp--preset--spacing--70);padding-bottom:var(--wp--preset--spacing--70);padding-left:var(--wp--preset--spacing--70)\">\n<div class=\"wp-block-column is-layout-flow wp-block-column-is-layout-flow\" style=\"flex-basis:100%\">\n<h2 class=\"wp-block-heading has-nv-text-dark-bg-color has-text-color has-link-color has-huge-font-size wp-elements-604919a66db12971766c1954038424fb\">\ud83d\udcde Hemen Bizimle \u0130leti\u015fime Ge\u00e7in<\/h2>\n\n\n\n<p class=\"has-nv-text-dark-bg-color has-text-color has-link-color wp-elements-02a2ed37221eb33bd9e717d830247791\"><strong>\ud83d\udcde Telefon \/ WhatsApp:<\/strong> 0553 584 48 09<\/p>\n<\/div>\n\n\n\n<div class=\"wp-block-column is-layout-flow wp-block-column-is-layout-flow\" style=\"flex-basis:100%\">\n<p class=\"has-nv-text-dark-bg-color has-text-color has-link-color has-medium-font-size wp-elements-4837360cfeb9cbde4775c62898e13850\">G\u00fcvenlik sistemleri hakk\u0131nda detayl\u0131 bilgi almak, \u00fccretsiz ke\u015fif talep etmek veya teklif almak i\u00e7in bize ula\u015f\u0131n.<\/p>\n<\/div>\n<\/div>\n\n\n\n<div style=\"height:40px\" aria-hidden=\"true\" class=\"wp-block-spacer\"><\/div>\n<\/div><\/div>\n<\/div><\/div>\n","protected":false},"excerpt":{"rendered":"","protected":false},"author":1,"featured_media":0,"parent":0,"menu_order":0,"comment_status":"closed","ping_status":"closed","template":"","meta":{"pagelayer_contact_templates":[],"_pagelayer_content":"","neve_meta_sidebar":"","neve_meta_container":"","neve_meta_enable_content_width":"on","neve_meta_content_width":100,"neve_meta_title_alignment":"","neve_meta_author_avatar":"","neve_post_elements_order":"","neve_meta_disable_header":"","neve_meta_disable_footer":"","neve_meta_disable_title":"on","footnotes":""},"class_list":["post-10","page","type-page","status-publish","hentry"],"_links":{"self":[{"href":"https:\/\/www.demiraytech.com\/tr\/wp-json\/wp\/v2\/pages\/10","targetHints":{"allow":["GET"]}}],"collection":[{"href":"https:\/\/www.demiraytech.com\/tr\/wp-json\/wp\/v2\/pages"}],"about":[{"href":"https:\/\/www.demiraytech.com\/tr\/wp-json\/wp\/v2\/types\/page"}],"author":[{"embeddable":true,"href":"https:\/\/www.demiraytech.com\/tr\/wp-json\/wp\/v2\/users\/1"}],"replies":[{"embeddable":true,"href":"https:\/\/www.demiraytech.com\/tr\/wp-json\/wp\/v2\/comments?post=10"}],"version-history":[{"count":4,"href":"https:\/\/www.demiraytech.com\/tr\/wp-json\/wp\/v2\/pages\/10\/revisions"}],"predecessor-version":[{"id":108,"href":"https:\/\/www.demiraytech.com\/tr\/wp-json\/wp\/v2\/pages\/10\/revisions\/108"}],"wp:attachment":[{"href":"https:\/\/www.demiraytech.com\/tr\/wp-json\/wp\/v2\/media?parent=10"}],"curies":[{"name":"wp","href":"https:\/\/api.w.org\/{rel}","templated":true}]}}